{"id":615,"date":"2018-12-30T17:07:10","date_gmt":"2018-12-30T17:07:10","guid":{"rendered":"https:\/\/www.t24h.cat\/?page_id=615"},"modified":"2020-02-24T19:49:59","modified_gmt":"2020-02-24T19:49:59","slug":"linux-servers","status":"publish","type":"page","link":"https:\/\/www.t24h.cat\/es\/linux-servers\/","title":{"rendered":"Servidores Linux"},"content":{"rendered":"<p><\/p>\n<h3><strong>\u00bfQu\u00e9 ofrecemos?<\/strong><\/h3>\n<p style=\"padding-left: 30px;\"><strong>\u00a0Adaptar, proteger el servidor<\/strong> y el entorno,<strong> as\u00ed como las necesidades<\/strong> actuales <strong>LOPD y virus<\/strong>.<\/p>\n<h5><\/h5>\n<h4><strong><span style=\"color: #333399;\">\u00a0 E.V.I.P.S.<\/span><\/strong><\/h4>\n<ul>\n<li><strong><span style=\"color: #333399;\">E<\/span>conom\u00eda: R<span style=\"color: #333333;\">educimos<\/span>\u00a0<span style=\"color: #333333;\">las licencias del servidor\u00a0<\/span><\/strong>al m\u00ednimo, as\u00ed como su coste.<\/li>\n<li><strong><span style=\"color: #333399;\">V<\/span>irtualizaci\u00f3n<\/strong>: <span style=\"color: #333333;\"><strong>Aislamos<\/strong><\/span> y aseguramos <span style=\"color: #333333;\"><strong>el software<\/strong><\/span> espec\u00edfico<span style=\"color: #333333;\"><strong> en m\u00e1quinas virtuales<\/strong><\/span>.<\/li>\n<li><strong><span style=\"color: #333399;\">I<\/span>ntegraci\u00f3n:<\/strong> <span style=\"color: #333333;\"><strong>Adaptamos el servidor<\/strong><\/span> a las necesidades reales del entorno.<\/li>\n<li><strong><span style=\"color: #333399;\">P<\/span>rotecci\u00f3n:<\/strong> <span style=\"color: #333333;\"><strong>Ciframos las unidades<\/strong><\/span>, en caso de robo, los datos son inaccesibles.<\/li>\n<li><strong><span style=\"color: #333399;\">S<\/span>eguridad:<span style=\"color: #333333;\"> Aseguramos la copia de los datos<\/span><\/strong> contra Ransomware mediante Linux.<\/li>\n<\/ul>\n<h4><\/h4>\n<h3><strong>\u00bfC\u00f3mo lo hacemos?<em><br \/>\n<\/em><\/strong><\/h3>\n<div>\n<div style=\"float: left; width: 30%; text-align: left;\">\n<div id=\"metaslider-id-628\" style=\"max-width: 100px; margin: 0 auto;\" class=\"ml-slider-3-50-0 metaslider metaslider-flex metaslider-628 ml-slider ms-theme-default nav-hidden nav-hidden\" role=\"region\" aria-roledescription=\"Slideshow\" aria-label=\"servidores linux\">\n    <div id=\"metaslider_container_628\">\n        <div id=\"metaslider_628\">\n            <ul aria-live=\"polite\" class=\"slides\">\n                <li style=\"display: block; width: 100%;\" class=\"slide-629 ms-image\" aria-roledescription=\"slide\" aria-label=\"slide-629\"><img loading=\"lazy\" decoding=\"async\" width=\"299\" height=\"299\" src=\"https:\/\/www.t24h.cat\/wp-content\/uploads\/2018\/12\/1-clipboard.png\" class=\"slider-628 slide-629\" alt=\"\" rel=\"\" title=\"1-clipboard\" srcset=\"https:\/\/www.t24h.cat\/wp-content\/uploads\/2018\/12\/1-clipboard.png 299w, https:\/\/www.t24h.cat\/wp-content\/uploads\/2018\/12\/1-clipboard-150x150.png 150w\" sizes=\"(max-width: 299px) 100vw, 299px\" \/><\/li>\n                <li style=\"display: none; width: 100%;\" class=\"slide-630 ms-image\" aria-roledescription=\"slide\" aria-label=\"slide-630\"><img loading=\"lazy\" decoding=\"async\" width=\"299\" height=\"299\" src=\"https:\/\/www.t24h.cat\/wp-content\/uploads\/2018\/12\/2-extract.png\" class=\"slider-628 slide-630\" alt=\"\" rel=\"\" title=\"2-extract\" srcset=\"https:\/\/www.t24h.cat\/wp-content\/uploads\/2018\/12\/2-extract.png 299w, https:\/\/www.t24h.cat\/wp-content\/uploads\/2018\/12\/2-extract-150x150.png 150w\" sizes=\"(max-width: 299px) 100vw, 299px\" \/><\/li>\n                <li style=\"display: none; width: 100%;\" class=\"slide-631 ms-image\" aria-roledescription=\"slide\" aria-label=\"slide-631\"><img loading=\"lazy\" decoding=\"async\" width=\"299\" height=\"299\" src=\"https:\/\/www.t24h.cat\/wp-content\/uploads\/2018\/12\/3-linux.png\" class=\"slider-628 slide-631\" alt=\"\" rel=\"\" title=\"3-linux\" srcset=\"https:\/\/www.t24h.cat\/wp-content\/uploads\/2018\/12\/3-linux.png 299w, https:\/\/www.t24h.cat\/wp-content\/uploads\/2018\/12\/3-linux-150x150.png 150w\" sizes=\"(max-width: 299px) 100vw, 299px\" \/><\/li>\n                <li style=\"display: none; width: 100%;\" class=\"slide-632 ms-image\" aria-roledescription=\"slide\" aria-label=\"slide-632\"><img loading=\"lazy\" decoding=\"async\" width=\"299\" height=\"299\" src=\"https:\/\/www.t24h.cat\/wp-content\/uploads\/2018\/12\/4-users.png\" class=\"slider-628 slide-632\" alt=\"\" rel=\"\" title=\"4-users\" srcset=\"https:\/\/www.t24h.cat\/wp-content\/uploads\/2018\/12\/4-users.png 299w, https:\/\/www.t24h.cat\/wp-content\/uploads\/2018\/12\/4-users-150x150.png 150w\" sizes=\"(max-width: 299px) 100vw, 299px\" \/><\/li>\n                <li style=\"display: none; width: 100%;\" class=\"slide-633 ms-image\" aria-roledescription=\"slide\" aria-label=\"slide-633\"><img loading=\"lazy\" decoding=\"async\" width=\"299\" height=\"299\" src=\"https:\/\/www.t24h.cat\/wp-content\/uploads\/2018\/12\/5-virtualmachine.png\" class=\"slider-628 slide-633\" alt=\"\" rel=\"\" title=\"5-virtualmachine\" srcset=\"https:\/\/www.t24h.cat\/wp-content\/uploads\/2018\/12\/5-virtualmachine.png 299w, https:\/\/www.t24h.cat\/wp-content\/uploads\/2018\/12\/5-virtualmachine-150x150.png 150w\" sizes=\"(max-width: 299px) 100vw, 299px\" \/><\/li>\n                <li style=\"display: none; width: 100%;\" class=\"slide-634 ms-image\" aria-roledescription=\"slide\" aria-label=\"slide-634\"><img loading=\"lazy\" decoding=\"async\" width=\"299\" height=\"299\" src=\"https:\/\/www.t24h.cat\/wp-content\/uploads\/2018\/12\/6-backups.png\" class=\"slider-628 slide-634\" alt=\"\" rel=\"\" title=\"6-backups\" srcset=\"https:\/\/www.t24h.cat\/wp-content\/uploads\/2018\/12\/6-backups.png 299w, https:\/\/www.t24h.cat\/wp-content\/uploads\/2018\/12\/6-backups-150x150.png 150w\" sizes=\"(max-width: 299px) 100vw, 299px\" \/><\/li>\n            <\/ul>\n        <\/div>\n        \n    <\/div>\n<\/div>\n<\/div>\n<div style=\"float: right; width: 70%; text-align: left;\">\n<ol>\n<li><strong>Evaluamos<\/strong> <strong>el<\/strong> rendimiento del <strong>servidor<\/strong>.<\/li>\n<li><strong>Extraemos los datos as\u00ed como las licencias<\/strong>\u00a0esenciales.<\/li>\n<li><strong>Instalamos<\/strong> el sistema <strong>Linux<\/strong> con cifrado completo.<\/li>\n<li><strong>Integramos<\/strong> los <strong>servicios adem\u00e1s de los usuarios<\/strong>.<\/li>\n<li><strong>Instalamos las m\u00e1quinas virtuales<\/strong> con el software de Windows.<\/li>\n<li><strong>Dise\u00f1amos las copias de seguridad<\/strong> a medida.<\/li>\n<\/ol>\n<\/div>\n<\/div>\n<p><\/p>","protected":false},"excerpt":{"rendered":"<p>\u00bfQu\u00e9 ofrecemos? \u00a0Adaptar, proteger el servidor y el entorno, as\u00ed como las necesidades actuales LOPD y virus. \u00a0 E.V.I.P.S. Econom\u00eda: Reducimos\u00a0las licencias del servidor\u00a0al m\u00ednimo, as\u00ed como su coste. Virtualizaci\u00f3n: Aislamos y aseguramos el software espec\u00edfico en m\u00e1quinas virtuales. Integraci\u00f3n: Adaptamos el servidor a las necesidades reales del entorno. Protecci\u00f3n: Ciframos las unidades, en caso [&hellip;]<\/p>\n","protected":false},"author":1,"featured_media":0,"parent":0,"menu_order":0,"comment_status":"closed","ping_status":"closed","template":"","meta":{"footnotes":""},"yst_prominent_words":[15,11,12,20,14,19,17,9,13,10,16,18],"_links":{"self":[{"href":"https:\/\/www.t24h.cat\/es\/wp-json\/wp\/v2\/pages\/615"}],"collection":[{"href":"https:\/\/www.t24h.cat\/es\/wp-json\/wp\/v2\/pages"}],"about":[{"href":"https:\/\/www.t24h.cat\/es\/wp-json\/wp\/v2\/types\/page"}],"author":[{"embeddable":true,"href":"https:\/\/www.t24h.cat\/es\/wp-json\/wp\/v2\/users\/1"}],"replies":[{"embeddable":true,"href":"https:\/\/www.t24h.cat\/es\/wp-json\/wp\/v2\/comments?post=615"}],"version-history":[{"count":39,"href":"https:\/\/www.t24h.cat\/es\/wp-json\/wp\/v2\/pages\/615\/revisions"}],"predecessor-version":[{"id":704,"href":"https:\/\/www.t24h.cat\/es\/wp-json\/wp\/v2\/pages\/615\/revisions\/704"}],"wp:attachment":[{"href":"https:\/\/www.t24h.cat\/es\/wp-json\/wp\/v2\/media?parent=615"}],"wp:term":[{"taxonomy":"yst_prominent_words","embeddable":true,"href":"https:\/\/www.t24h.cat\/es\/wp-json\/wp\/v2\/yst_prominent_words?post=615"}],"curies":[{"name":"wp","href":"https:\/\/api.w.org\/{rel}","templated":true}]}}